{"id":101,"date":"2019-05-31T03:33:14","date_gmt":"2019-05-31T03:33:14","guid":{"rendered":"https:\/\/grafikombinati.com\/?page_id=101"},"modified":"2022-09-19T08:15:09","modified_gmt":"2022-09-19T08:15:09","slug":"about-us","status":"publish","type":"page","link":"https:\/\/grafikombinati.com\/sq\/about-us\/","title":{"rendered":"Axeos Sirona"},"content":{"rendered":"<div id=\"tm-row-69f8958c6f11a\" data-vc-full-width=\"true\" data-vc-full-width-init=\"false\" data-vc-stretch-content=\"true\" class=\"vc_row vc_row-outer vc_row-fluid vc_row-no-padding\"><div id=\"tm-column-69f8958c6f52e\" class=\"wpb_column vc_column_container vc_col-sm-12\"><div class=\"vc_column-inner\"><div class=\"wpb_wrapper\">\n\t<div class=\"wpb_text_column wpb_content_element\" >\n\t\t<div class=\"wpb_wrapper\">\n\t\t\t<p><iframe loading=\"lazy\" title=\"YouTube video player\" src=\"https:\/\/www.youtube.com\/embed\/ZsDjLCqDoqE\" width=\"1920\" height=\"515\" frameborder=\"0\" allowfullscreen=\"allowfullscreen\"><\/iframe><\/p>\n\n\t\t<\/div>\n\t<\/div>\n<\/div><\/div><\/div><\/div><div class=\"vc_row-full-width vc_clearfix\"><\/div><div id=\"tm-row-69f8958c6f8c2\" class=\"vc_row vc_row-outer vc_row-fluid\"><div id=\"tm-column-69f8958c6faf9\" class=\"wpb_column vc_column_container vc_col-sm-12\"><div class=\"vc_column-inner\"><div class=\"wpb_wrapper\"><div class=\"tm-spacer\" id=\"tm-spacer-69f8958c6fc81\"><\/div>\n\n<div class=\"tm-heading  center tm-animation move-up\" id=\"tm-heading-69f8958c6fdc3\">\n\t<h3 class=\"heading\" >P\u00ebrjetoni Diferenc\u00ebn<\/h3><\/div>\n\n<div class=\"tm-spacer\" id=\"tm-spacer-69f8958c6ffed\"><\/div>\n\n<div class=\"tm-heading  center tm-animation move-up\" id=\"tm-heading-69f8958c700b1\">\n\t<div class=\"heading\" >Axeos \u2013 Sistemi 2D\/3D me volum t\u00eb madh dhe cil\u00ebsi t\u00eb lart\u00eb imazhi, ideuar per shumellojshmeri trajtimesh. Zhvilluar s\u00eb bashku nga dentist dhe klinicist\u00eb, Axeos ofron gam\u00ebn m\u00eb t\u00eb plot\u00eb dhe t\u00eb avancuar  nga t\u00eb gjitha pajisjet me rreze X. P\u00ebrve\u00e7 cil\u00ebsis\u00eb s\u00eb shk\u00eblqyer t\u00eb imazhit dhe madh\u00ebsive t\u00eb volumit 3D t\u00eb personalizuara, aparatura \u00ebsht\u00eb optimizuar plotesisht p\u00ebr te ofruar rehati t\u00eb pacientit. Axeos nuk ofron vetem cil\u00ebsi n\u00eb performanc\u00eb dhe rehati,  fal\u00eb kabinetit t\u00eb integruar t\u00eb aksesor\u00ebve t\u00eb bllokut t\u00eb kafshimit dhe drit\u00ebs s\u00eb ambientit \u00ebsht\u00eb vler\u00ebsuar me \u00e7mime p\u00ebr dizajnin e tij unik.<\/div><\/div>\n\n<\/div><\/div><\/div><\/div><div id=\"tm-row-69f8958c70389\" class=\"vc_row vc_row-outer vc_row-fluid\"><div id=\"tm-column-69f8958c705f1\" class=\"wpb_column vc_column_container vc_col-sm-12\"><div class=\"vc_column-inner\"><div class=\"wpb_wrapper\"><div class=\"tm-spacer\" id=\"tm-spacer-69f8958c7078a\"><\/div>\n\n<div class=\"tm-heading  center tm-animation move-up\" id=\"tm-heading-69f8958c70869\">\n\t<h3 class=\"heading\" >PSE T\u00cb ZGJIDHNI AXEOS?<\/h3><\/div>\n\n<div class=\"tm-spacer\" id=\"tm-spacer-69f8958c70a9f\"><\/div>\n<div class=\"tm-accordion  style-3 color-dark tm-animation move-up\" id=\"tm-accordion-69f8958c70b30\"\n\t>\n\t\n\t\t<div class=\"accordion-section\">\n\t\t\t\t\t\t\t<div class=\"accordion-title-wrapper\">\n\t\t\t\t\t<h6 class=\"accordion-title\">\n\t\t\t\t\t\t\n\t\t\t\t\t\t<span class=\"title-text\">Gama e gjer\u00eb e fush\u00ebs s\u00eb shikimit \u00d8 5cm x 5,5cm deri n\u00eb \u00d8 17cm x 13cm<\/span>\n\n\t\t\t\t\t\t<span class=\"accordion-icon\"><\/span>\n\t\t\t\t\t<\/h6>\n\t\t\t\t<\/div>\n\t\t\t\n\n\t\t\t<div class=\"accordion-content\">\n\t\t\t\t\t\t\t\t\tMadh\u00ebsit\u00eb e shumta t\u00eb v\u00ebllimit sigurojn\u00eb fleksibilitet n\u00eb praktik\u00ebn e p\u00ebrditshme. Ekzaminoni nj\u00eb zon\u00eb t\u00eb sakt\u00eb ose vler\u00ebsoni dh\u00ebmb\u00ebt e plot\u00eb duke p\u00ebrfshir\u00eb TMJ-t\u00eb\t\t\t\t\t\t\t<\/div>\n\t\t<\/div>\n\t\t\n\t\t<div class=\"accordion-section\">\n\t\t\t\t\t\t\t<div class=\"accordion-title-wrapper\">\n\t\t\t\t\t<h6 class=\"accordion-title\">\n\t\t\t\t\t\t\n\t\t\t\t\t\t<span class=\"title-text\">Funksion inteligjent me doz\u00eb t\u00eb ul\u00ebt dhe HD<\/span>\n\n\t\t\t\t\t\t<span class=\"accordion-icon\"><\/span>\n\t\t\t\t\t<\/h6>\n\t\t\t\t<\/div>\n\t\t\t\n\n\t\t\t<div class=\"accordion-content\">\n\t\t\t\t\t\t\t\t\tMe modalitetin inteligjent me doz\u00eb t\u00eb ul\u00ebt, ju merrni imazhe 3D n\u00eb intervalin e doz\u00ebs s\u00eb nj\u00eb rreze X 2D. N\u00eb modalitetin HD (deri n\u00eb 1400) imazhe individuale regjistrohen gjat\u00eb nj\u00eb rrotullimi t\u00eb vet\u00ebm dhe shnd\u00ebrrohen n\u00eb nj\u00eb v\u00ebllim 3D me deri n\u00eb 80 \u03bcm p\u00ebr imazhe me drit\u00eb t\u00eb ul\u00ebt n\u00eb rezolucion t\u00eb lart\u00eb\t\t\t\t\t\t\t<\/div>\n\t\t<\/div>\n\t\t\n\t\t<div class=\"accordion-section\">\n\t\t\t\t\t\t\t<div class=\"accordion-title-wrapper\">\n\t\t\t\t\t<h6 class=\"accordion-title\">\n\t\t\t\t\t\t\n\t\t\t\t\t\t<span class=\"title-text\">Sensori unik 2D DCS me funksion t\u00eb fokusimit automatik dhe programe cefalometrike<\/span>\n\n\t\t\t\t\t\t<span class=\"accordion-icon\"><\/span>\n\t\t\t\t\t<\/h6>\n\t\t\t\t<\/div>\n\t\t\t\n\n\t\t\t<div class=\"accordion-content\">\n\t\t\t\t\t\t\t\t\tP\u00ebr imazhe panoramike t\u00eb jasht\u00ebzakonshme me mpreht\u00ebsi t\u00eb lart\u00eb. Ju mund t\u00eb zgjidhni nj\u00eb krah cefalometrik opsional djathtas ose majtas, i cili mund t\u00eb montohet n\u00eb \u00e7do koh\u00eb.\t\t\t\t\t\t\t<\/div>\n\t\t<\/div>\n\t\t\n\t\t<div class=\"accordion-section\">\n\t\t\t\t\t\t\t<div class=\"accordion-title-wrapper\">\n\t\t\t\t\t<h6 class=\"accordion-title\">\n\t\t\t\t\t\t\n\t\t\t\t\t\t<span class=\"title-text\"> Integrimi n\u00eb rrjetet e klinikave t\u00eb m\u00ebdha dhe t\u00eb OSSH-s\u00eb<\/span>\n\n\t\t\t\t\t\t<span class=\"accordion-icon\"><\/span>\n\t\t\t\t\t<\/h6>\n\t\t\t\t<\/div>\n\t\t\t\n\n\t\t\t<div class=\"accordion-content\">\n\t\t\t\t\t\t\t\t\tP\u00ebrmes lidhjes me PACS, RIS, DICOM Worklist dhe printer\u00ebt DICOM. Imazhet me rreze X sipas standardit DICOM\t\t\t\t\t\t\t<\/div>\n\t\t<\/div>\n\t\t\n\t\t<div class=\"accordion-section\">\n\t\t\t\t\t\t\t<div class=\"accordion-title-wrapper\">\n\t\t\t\t\t<h6 class=\"accordion-title\">\n\t\t\t\t\t\t\n\t\t\t\t\t\t<span class=\"title-text\">Koncepti i pozicionimit t\u00eb pacientit dhe asistentit t\u00eb imazhit<\/span>\n\n\t\t\t\t\t\t<span class=\"accordion-icon\"><\/span>\n\t\t\t\t\t<\/h6>\n\t\t\t\t<\/div>\n\t\t\t\n\n\t\t\t<div class=\"accordion-content\">\n\t\t\t\t\t\t\t\t\tMe EasyPad dhe pozicionues automatik sigurohet cil\u00ebsi e lart\u00eb imazhi, riprodhueshm\u00ebri e leht\u00eb dhe rehati p\u00ebr pacientin dhe asistentin\t\t\t\t\t\t\t<\/div>\n\t\t<\/div>\n\t\t\n\t\t<div class=\"accordion-section\">\n\t\t\t\t\t\t\t<div class=\"accordion-title-wrapper\">\n\t\t\t\t\t<h6 class=\"accordion-title\">\n\t\t\t\t\t\t\n\t\t\t\t\t\t<span class=\"title-text\">Kabin\u00eb e integruar me drit\u00eb ambienti<\/span>\n\n\t\t\t\t\t\t<span class=\"accordion-icon\"><\/span>\n\t\t\t\t\t<\/h6>\n\t\t\t\t<\/div>\n\t\t\t\n\n\t\t\t<div class=\"accordion-content\">\n\t\t\t\t\t\t\t\t\tP\u00ebr ruajtje t\u00eb p\u00ebrshtatshme t\u00eb aksesor\u00ebve t\u00eb bllokut t\u00eb kafshimit, kabineti i integruar ka ndri\u00e7im t\u00eb brendsh\u00ebm dhe \u00ebsht\u00eb n\u00eb af\u00ebrsi t\u00eb operatorit\t\t\t\t\t\t\t<\/div>\n\t\t<\/div>\n\t\t\n\t\t<div class=\"accordion-section\">\n\t\t\t\t\t\t\t<div class=\"accordion-title-wrapper\">\n\t\t\t\t\t<h6 class=\"accordion-title\">\n\t\t\t\t\t\t\n\t\t\t\t\t\t<span class=\"title-text\">Rregullim i zgjuar i lart\u00ebsis\u00eb<\/span>\n\n\t\t\t\t\t\t<span class=\"accordion-icon\"><\/span>\n\t\t\t\t\t<\/h6>\n\t\t\t\t<\/div>\n\t\t\t\n\n\t\t\t<div class=\"accordion-content\">\n\t\t\t\t\t\t\t\t\tP\u00ebr efikasitet t\u00eb pun\u00ebs reduktuar koh\u00ebn e pritjes. Rregullimi inteligjent i lart\u00ebsis\u00eb e vendos automatikisht nj\u00ebsin\u00eb n\u00eb lart\u00ebsin\u00eb individuale t\u00eb pacientit bazuar n\u00eb cil\u00ebsimet e ruajtura nga vizitat e m\u00ebparshme\t\t\t\t\t\t\t<\/div>\n\t\t<\/div>\n\t\t<\/div>\n<div class=\"tm-spacer\" id=\"tm-spacer-69f8958c70c3b\"><\/div>\n<div id=\"tm-row-inner-69f8958c70dbf\" class=\"vc_row vc_inner vc_row-fluid\"><div id=\"tm-column-inner-69f8958c71060\" class=\"wpb_column vc_column_container vc_col-sm-6\"><div class=\"vc_column-inner\"><div class=\"wpb_wrapper\"><div class=\"tm-image  tm-animation move-up\" id=\"tm-image-69f8958c71219\">\n\t\t\t<div class=\"image\"><img decoding=\"async\" src=\"https:\/\/grafikombinati.com\/wp-content\/uploads\/2022\/07\/DCS.jpg\" alt=\"DCS\" \/><\/div>\t\t<\/div>\n<\/div><\/div><\/div><div id=\"tm-column-inner-69f8958c71f2b\" class=\"wpb_column vc_column_container vc_col-sm-6\"><div class=\"vc_column-inner\"><div class=\"wpb_wrapper\">\n\t<div class=\"wpb_text_column wpb_content_element\" >\n\t\t<div class=\"wpb_wrapper\">\n\t\t\t<h5><span class=\"blue\"><strong>DCS - mpreht\u00ebsia p\u00ebr detaje t\u00eb imta<\/strong><\/span><\/h5>\n<p>Sensori i konvertimit t\u00eb drejtp\u00ebrdrejt\u00eb (DCS) ka rip\u00ebrcaktuar standardin e imazhit panoramik. Rrezet X konvertohen drejtp\u00ebrdrejt n\u00eb sinjale elektrike - ndryshe nga sistemet konvencionale, nuk ka humbje sinjali p\u00ebr shkak t\u00eb konvertimit t\u00eb drit\u00ebs. Kjo do t\u00eb thot\u00eb nj\u00eb dalje e p\u00ebrmir\u00ebsuar e informacionit t\u00eb imazhit p\u00ebr ju. Rezultati jan\u00eb imazhe me nj\u00eb nivel unik t\u00eb lart\u00eb t\u00eb mpreht\u00ebsis\u00eb \u2013 edhe n\u00eb nj\u00eb doz\u00eb jasht\u00ebzakonisht t\u00eb ul\u00ebt.<\/p>\n\n\t\t<\/div>\n\t<\/div>\n<\/div><\/div><\/div><\/div><div class=\"tm-spacer\" id=\"tm-spacer-69f8958c72115\"><\/div>\n<div class=\"tm-before-after-image  tm-animation move-up\" id=\"tm-before-after-image-69f8958c721a7\">\n\t\t\t<div class=\"image\"><img decoding=\"async\" src=\"https:\/\/grafikombinati.com\/wp-content\/uploads\/2022\/07\/img-image-comparison-extraoral-dcs-without-dcs-1-1.jpeg\" alt=\"img-image-comparison-extraoral-dcs-without-dcs-1-1\" \/><\/div>\t\t\t\t<div class=\"image\"><img decoding=\"async\" src=\"https:\/\/grafikombinati.com\/wp-content\/uploads\/2022\/07\/img-image-comparison-extraoral-dcs-with-dcs-1-2.jpeg\" alt=\"img-image-comparison-extraoral-dcs-with-dcs-1-2\" \/><\/div>\t<\/div>\n\n\t<div class=\"wpb_text_column wpb_content_element\" >\n\t\t<div class=\"wpb_wrapper\">\n\t\t\t<p style=\"text-align: center;\">The image shows X-ray images with and without DCS technology.<\/p>\n\n\t\t<\/div>\n\t<\/div>\n<div class=\"tm-spacer\" id=\"tm-spacer-69f8958c73902\"><\/div>\n<\/div><\/div><\/div><\/div>","protected":false},"excerpt":{"rendered":"Experience the Difference Axeos \u2013 the 2D\/3D specialist system with a large volume and high image quality for practices with a broad treatment offering. Developed together with dentists and clinicians, Axeos provides the fullest range of functions out of all Dentsply Sirona extraoral X-ray devices. In addition to excellent image quality and tailor-made 3D volume sizes, the dental imaging device is fully optimized for enhanced patient comfort. Axeos not only provides quality in performance and comfort, but also with its award-winning design thanks to the integrated bite block accessory cabinet and ambient light. Why choose Axeos? Broad field of view range \u00d8 5cm x 5.5cm to \u00d8 17cm x 13cm Numerous volume sizes ensure flexibility in everyday practice. Examine a precise area or evaluate the complete dentition including the TMJs Intelligent low dose and HD function With the Intelligent Low Dose mode, you get 3D images in the dose range of a 2D X-ray. In HD mode (up to 1,400) individual images are captured during a single rotation and converted into a 3D volume with up to 80 \u03bcm for low-noise images in high resolution Unique 2D DCS sensor with autofocus function and cephalometric programs For exceptional panoramic images with high sharpness. You can choose an optional right or left cephalometric arm, which can be retrofitted at any time Integration into large clinic and DSO networks Through connectivity to PACS, RIS, DICOM Worklist and DICOM Printers. X-ray images according to the DICOM standard Patient Positioning &amp; Image Assistant concept With EasyPad and autopositioner for high image quality, easy reproducibility and comfort for patient and assistant Integrated cabinet with ambient light For convenient storage of the bite block accessories, the intergrated cabinet has interior illumination and is in close reach of the operator Smart height adjustment For efficient workflows and reduced waiting times. The smart height adjustment automatically sets the unit to the individual patient height based on stored settings from previous visits DCS \u2013 Sharpness for Fine Details The Direct Conversion Sensor (DCS) has redefined the standard of panoramic imaging. X-rays are converted directly into electrical signals \u2013 unlike conventional systems, there is no signal loss due to light conversion. This means an improved image information output for\u00a0you. The result is images with a uniquely high level\u00a0of sharpness \u2013 even at an extremely low dose. The image shows X-ray images with and without DCS technology.","protected":false},"author":1,"featured_media":0,"parent":0,"menu_order":0,"comment_status":"closed","ping_status":"closed","template":"","meta":{"footnotes":""},"class_list":["post-101","page","type-page","status-publish","hentry"],"_links":{"self":[{"href":"https:\/\/grafikombinati.com\/sq\/wp-json\/wp\/v2\/pages\/101","targetHints":{"allow":["GET"]}}],"collection":[{"href":"https:\/\/grafikombinati.com\/sq\/wp-json\/wp\/v2\/pages"}],"about":[{"href":"https:\/\/grafikombinati.com\/sq\/wp-json\/wp\/v2\/types\/page"}],"author":[{"embeddable":true,"href":"https:\/\/grafikombinati.com\/sq\/wp-json\/wp\/v2\/users\/1"}],"replies":[{"embeddable":true,"href":"https:\/\/grafikombinati.com\/sq\/wp-json\/wp\/v2\/comments?post=101"}],"version-history":[{"count":10,"href":"https:\/\/grafikombinati.com\/sq\/wp-json\/wp\/v2\/pages\/101\/revisions"}],"predecessor-version":[{"id":2735,"href":"https:\/\/grafikombinati.com\/sq\/wp-json\/wp\/v2\/pages\/101\/revisions\/2735"}],"wp:attachment":[{"href":"https:\/\/grafikombinati.com\/sq\/wp-json\/wp\/v2\/media?parent=101"}],"curies":[{"name":"wp","href":"https:\/\/api.w.org\/{rel}","templated":true}]}}