{"id":127,"date":"2019-06-04T02:13:24","date_gmt":"2019-06-04T02:13:24","guid":{"rendered":"https:\/\/grafikombinati.com\/?page_id=127"},"modified":"2024-07-31T16:35:04","modified_gmt":"2024-07-31T16:35:04","slug":"faqs","status":"publish","type":"page","link":"https:\/\/grafikombinati.com\/sq\/faqs\/","title":{"rendered":"Pyetje"},"content":{"rendered":"<div id=\"tm-row-69f894466940a\" data-vc-full-width=\"true\" data-vc-full-width-init=\"false\" class=\"vc_row vc_row-outer vc_row-fluid\"><div id=\"tm-column-69f8944669d41\" class=\"wpb_column vc_column_container vc_col-sm-12 vc_col-lg-6\"><div class=\"vc_column-inner\"><div class=\"wpb_wrapper\">\n<div class=\"tm-heading  left tm-animation move-up\" id=\"tm-heading-69f8944669fa1\">\n\t<h3 class=\"heading\" >Pyetjet m\u00eb t\u00eb shpeshta<\/h3><\/div>\n\n<div class=\"tm-spacer\" id=\"tm-spacer-69f894466a231\"><\/div>\n<div class=\"tm-accordion  berlin style-4 color-light tm-animation move-up\" id=\"tm-accordion-69f894466a31c\"\n\t>\n\t\n\t\t<div class=\"accordion-section\">\n\t\t\t\t\t\t\t<div class=\"accordion-title-wrapper\">\n\t\t\t\t\t<h6 class=\"accordion-title\">\n\t\t\t\t\t\t<span class=\"title-prefix\">01.<\/span>\n\t\t\t\t\t\t<span class=\"title-text\">Pse jan\u00eb t\u00eb nevojshme radiografit\u00eb e dh\u00ebmb\u00ebve?<\/span>\n\n\t\t\t\t\t\t<span class=\"accordion-icon\"><\/span>\n\t\t\t\t\t<\/h6>\n\t\t\t\t<\/div>\n\t\t\t\n\n\t\t\t<div class=\"accordion-content\">\n\t\t\t\t\t\t\t\t\tGrafit\u00eb dentare jan\u00eb nj\u00eb mjet i shk\u00eblqyer diagnostikues q\u00eb mund t\u00eb ndihmojn\u00eb dentistin tuaj t\u00eb shoh\u00eb \u00e7do d\u00ebmtim ose s\u00ebmundje q\u00eb nuk \u00ebsht\u00eb e dukshme me sy t\u00eb lir\u00eb.\t\t\t\t\t\t\t<\/div>\n\t\t<\/div>\n\t\t\n\t\t<div class=\"accordion-section\">\n\t\t\t\t\t\t\t<div class=\"accordion-title-wrapper\">\n\t\t\t\t\t<h6 class=\"accordion-title\">\n\t\t\t\t\t\t<span class=\"title-prefix\">02.<\/span>\n\t\t\t\t\t\t<span class=\"title-text\">\u00c7far\u00eb lloj radiografie duhet t\u00eb b\u00ebj?<\/span>\n\n\t\t\t\t\t\t<span class=\"accordion-icon\"><\/span>\n\t\t\t\t\t<\/h6>\n\t\t\t\t<\/div>\n\t\t\t\n\n\t\t\t<div class=\"accordion-content\">\n\t\t\t\t\t\t\t\t\tDentisti juaj do t\u00eb p\u00ebrshkruaj\u00eb se \u00e7far\u00eb lloj radiografie duhet t\u00eb b\u00ebni, n\u00eb var\u00ebsi t\u00eb problemit tuaj dhe gjendjes orale. \t\t\t\t\t\t\t<\/div>\n\t\t<\/div>\n\t\t\n\t\t<div class=\"accordion-section\">\n\t\t\t\t\t\t\t<div class=\"accordion-title-wrapper\">\n\t\t\t\t\t<h6 class=\"accordion-title\">\n\t\t\t\t\t\t<span class=\"title-prefix\">03.<\/span>\n\t\t\t\t\t\t<span class=\"title-text\">\u00c7far\u00eb lloj rrezesh X dentare ekzistojn\u00eb?<\/span>\n\n\t\t\t\t\t\t<span class=\"accordion-icon\"><\/span>\n\t\t\t\t\t<\/h6>\n\t\t\t\t<\/div>\n\t\t\t\n\n\t\t\t<div class=\"accordion-content\">\n\t\t\t\t\t\t\t\t\tRrezet dentare mund t'i kategorizojm\u00eb n\u00eb 2 kategori kryesore, intra-orale dhe ekstra-orale.\nN\u00eb grupin e par\u00eb, nj\u00eb film ose sensor dixhital p\u00ebrdoret n\u00eb brend\u00ebsi t\u00eb goj\u00ebs p\u00ebr t\u00eb marr\u00eb 1 dh\u00ebmb ose nj\u00eb grup t\u00eb vog\u00ebl dh\u00ebmb\u00ebsh.\nN\u00eb grupin e dyt\u00eb sensori ose filmi (N\u00eb qendr\u00ebn ton\u00eb ne p\u00ebrdorim vet\u00ebm sensor dixhital) vendoset jasht\u00eb goj\u00ebs, i cili na lejon t\u00eb shohim nj\u00eb zon\u00eb m\u00eb t\u00eb gjer\u00eb dhe t\u00eb zbulojm\u00eb problemet dentare n\u00eb nofull dhe kafk\u00eb.\n\t\t\t\t\t\t\t<\/div>\n\t\t<\/div>\n\t\t\n\t\t<div class=\"accordion-section\">\n\t\t\t\t\t\t\t<div class=\"accordion-title-wrapper\">\n\t\t\t\t\t<h6 class=\"accordion-title\">\n\t\t\t\t\t\t<span class=\"title-prefix\">04.<\/span>\n\t\t\t\t\t\t<span class=\"title-text\">Cili \u00ebsht\u00eb ndryshimi midis nj\u00eb skaneri panoramik me rreze X dhe 3D?<\/span>\n\n\t\t\t\t\t\t<span class=\"accordion-icon\"><\/span>\n\t\t\t\t\t<\/h6>\n\t\t\t\t<\/div>\n\t\t\t\n\n\t\t\t<div class=\"accordion-content\">\n\t\t\t\t\t\t\t\t\tNj\u00eb skaner 3D ofron nj\u00eb imazh t\u00eb plot\u00eb 3 dimensional t\u00eb dh\u00ebmb\u00ebve. Nj\u00eb rreze x panoramike \u00ebsht\u00eb nj\u00eb imazh 2d. N\u00eb klinik\u00ebn ton\u00eb do t\u00eb gjeni t\u00eb vetmin aparat n\u00eb Shqip\u00ebri q\u00eb mund t\u00eb siguroj\u00eb nj\u00eb imazh t\u00eb plot\u00eb t\u00eb goj\u00ebs dhe TMJ.\t\t\t\t\t\t\t<\/div>\n\t\t<\/div>\n\t\t\n\t\t<div class=\"accordion-section\">\n\t\t\t\t\t\t\t<div class=\"accordion-title-wrapper\">\n\t\t\t\t\t<h6 class=\"accordion-title\">\n\t\t\t\t\t\t<span class=\"title-prefix\">05.<\/span>\n\t\t\t\t\t\t<span class=\"title-text\">Sa shpesh duhet t\u00eb b\u00ebj nj\u00eb radiografi?<\/span>\n\n\t\t\t\t\t\t<span class=\"accordion-icon\"><\/span>\n\t\t\t\t\t<\/h6>\n\t\t\t\t<\/div>\n\t\t\t\n\n\t\t\t<div class=\"accordion-content\">\n\t\t\t\t\t\t\t\t\tP\u00ebr nj\u00eb t\u00eb rritur t\u00eb sh\u00ebndetsh\u00ebm, ADA (Shoqata Amerikane e Stomatologjis\u00eb) rekomandon kryerjen e nj\u00eb radiografie t\u00eb plot\u00eb dentare \u00e7do 12 muaj. Kjo varet nga statusi i p\u00ebrgjithsh\u00ebm i sh\u00ebndetit tuaj oral. Dentisti juaj mund t\u2019ju sygjeroj\u00eb ekzaminime shtes\u00eb.\t\t\t\t\t\t\t<\/div>\n\t\t<\/div>\n\t\t\n\t\t<div class=\"accordion-section\">\n\t\t\t\t\t\t\t<div class=\"accordion-title-wrapper\">\n\t\t\t\t\t<h6 class=\"accordion-title\">\n\t\t\t\t\t\t<span class=\"title-prefix\">06.<\/span>\n\t\t\t\t\t\t<span class=\"title-text\">Un\u00eb kam nj\u00eb radiografi t\u00eb vjet\u00ebr<\/span>\n\n\t\t\t\t\t\t<span class=\"accordion-icon\"><\/span>\n\t\t\t\t\t<\/h6>\n\t\t\t\t<\/div>\n\t\t\t\n\n\t\t\t<div class=\"accordion-content\">\n\t\t\t\t\t\t\t\t\tN\u00ebse grafia juaj \u00ebsht\u00eb b\u00ebr\u00eb brenda harkut kohor t\u00eb 1 vit1, n\u00eb p\u00ebrgjith\u00ebsi nuk keni nevoj\u00eb t\u00eb b\u00ebni nj\u00eb tjet\u00ebr. Mbani gjithmon\u00eb radiografin\u00eb tuaj t\u00eb vjet\u00ebr p\u00ebr q\u00ebllime krahasimi. \u00cbsht\u00eb n\u00eb interesin tuaj m\u00eb t\u00eb mir\u00eb sh\u00ebndet\u00ebsor t'i mbani dhe t'i paraqisni egzaminime radiologjike.\t\t\t\t\t\t\t<\/div>\n\t\t<\/div>\n\t\t\n\t\t<div class=\"accordion-section\">\n\t\t\t\t\t\t\t<div class=\"accordion-title-wrapper\">\n\t\t\t\t\t<h6 class=\"accordion-title\">\n\t\t\t\t\t\t<span class=\"title-prefix\">07.<\/span>\n\t\t\t\t\t\t<span class=\"title-text\">Un\u00eb jam i shqet\u00ebsuar p\u00ebr ekspozimin ndaj rrezatimit. A jan\u00eb t\u00eb sigurta rrezet X?<\/span>\n\n\t\t\t\t\t\t<span class=\"accordion-icon\"><\/span>\n\t\t\t\t\t<\/h6>\n\t\t\t\t<\/div>\n\t\t\t\n\n\t\t\t<div class=\"accordion-content\">\n\t\t\t\t\t\t\t\t\tPo, rrezet X dentare jan\u00eb m\u00eb t\u00eb sigurtat q\u00eb kan\u00eb qen\u00eb ndonj\u00ebher\u00eb, ato tashm\u00eb jan\u00eb t\u00eb ul\u00ebta n\u00eb rrezatim. Teknologjia dixhitale me rreze X ul edhe m\u00eb shum\u00eb nivelin e rrezatimit. N\u00eb klinik\u00ebn ton\u00eb do t\u00eb gjeni teknologjin\u00eb m\u00eb t\u00eb fundit dhe m\u00eb t\u00eb avancuar. <a href=\"https:\/\/grafikombinati.com\/sq\/?page_id=101\">Sirona Axeos<\/a>, duke ofruar aparatin m\u00eb cil\u00ebsor dhe me doz\u00eb t\u00eb ul\u00ebt.\t\t\t\t\t\t\t<\/div>\n\t\t<\/div>\n\t\t\n\t\t<div class=\"accordion-section\">\n\t\t\t\t\t\t\t<div class=\"accordion-title-wrapper\">\n\t\t\t\t\t<h6 class=\"accordion-title\">\n\t\t\t\t\t\t<span class=\"title-prefix\">08.<\/span>\n\t\t\t\t\t\t<span class=\"title-text\">Si mund t\u00eb mbroheni nga rrezet X dentare?<\/span>\n\n\t\t\t\t\t\t<span class=\"accordion-icon\"><\/span>\n\t\t\t\t\t<\/h6>\n\t\t\t\t<\/div>\n\t\t\t\n\n\t\t\t<div class=\"accordion-content\">\n\t\t\t\t\t\t\t\t\tN\u00eb qendr\u00ebn ton\u00eb, p\u00ebrdoren p\u00ebrpar\u00ebse mbrojt\u00ebse nga plumbi dhe jak\u00eb tiroide  p\u00ebr t\u00eb minimizuar ekspozimin  ndaj rrezatimit. Por, m\u00eb shum\u00eb se 50 vjet k\u00ebrkime kan\u00eb treguar se nivelet e rrezatimit t\u00eb p\u00ebrdorura n\u00eb aparatet moderne me rreze X jan\u00eb aq t\u00eb ul\u00ebta sa rreziku i d\u00ebmtimit \u00ebsht\u00eb shum\u00eb i vog\u00ebl apo edhe zero. Makinerit\u00eb e sotme l\u00ebshojn\u00eb vet\u00ebm 10% t\u00eb rrezatimit q\u00eb b\u00ebnte Teknologjia e vjet\u00ebr.\t\t\t\t\t\t\t<\/div>\n\t\t<\/div>\n\t\t\n\t\t<div class=\"accordion-section\">\n\t\t\t\t\t\t\t<div class=\"accordion-title-wrapper\">\n\t\t\t\t\t<h6 class=\"accordion-title\">\n\t\t\t\t\t\t<span class=\"title-prefix\">09.<\/span>\n\t\t\t\t\t\t<span class=\"title-text\">A \u00ebsht\u00eb e sigurt grafia me rreze X e dh\u00ebmb\u00ebve gjat\u00eb shtatzanis\u00eb?<\/span>\n\n\t\t\t\t\t\t<span class=\"accordion-icon\"><\/span>\n\t\t\t\t\t<\/h6>\n\t\t\t\t<\/div>\n\t\t\t\n\n\t\t\t<div class=\"accordion-content\">\n\t\t\t\t\t\t\t\t\tSasia e rrezatimit t\u00eb p\u00ebrdorur n\u00eb nj\u00eb radiografi dentare \u00ebsht\u00eb shum\u00eb e ul\u00ebt dhe sipas Shoqat\u00ebs Amerikane t\u00eb Stomatologjis\u00eb dhe Shoqat\u00ebs Amerikane t\u00eb Shtatz\u00ebnis\u00eb, nuk \u00ebsht\u00eb e mjaftueshme p\u00ebr t\u00eb shkaktuar d\u00ebm p\u00ebr nj\u00eb grua shtatz\u00ebn\u00eb ose foshnj\u00ebn e saj. Ju do t\u00eb duhet t\u00eb ekspozoheni ndaj nj\u00eb sasie shum\u00eb t\u00eb lart\u00eb rrezatimi gjat\u00eb shtatz\u00ebnis\u00eb n\u00eb m\u00ebnyr\u00eb q\u00eb ai t\u00eb d\u00ebmtoj\u00eb nj\u00eb f\u00ebmij\u00eb n\u00eb zhvillim. Sasia e rrezatimit t\u00eb cilit i ekspozohet njeriu gjat\u00eb nj\u00eb radiografie standarde t\u00eb dh\u00ebmb\u00ebve \u00ebsht\u00eb 0,02 mSV rrezatim. Do t'ju duhet t\u00eb ekspozoheni ndaj t\u00eb pakt\u00ebn 2500 her\u00eb m\u00eb shum\u00eb, n\u00eb m\u00ebnyr\u00eb q\u00eb ju ose f\u00ebmija juaj t\u00eb d\u00ebmtoheni prej saj. \u00cbsht\u00eb gjithashtu e r\u00ebnd\u00ebsishme t\u00eb theksohet se sasia e vog\u00ebl e rrezatimit q\u00eb ju jeni t\u00eb ekspozuar do t\u00eb jet\u00eb vet\u00ebm n\u00eb goj\u00ebn tuaj. F\u00ebmija nuk do t\u00eb ekspozohet ndaj tij. Megjithat\u00eb, \u00ebsht\u00eb e detyrueshme t\u00eb njoftoni dentistin tuaj n\u00eb rast se jeni shtatz\u00ebn\u00eb. T\u00eb gjith\u00eb duhet t\u00eb mbajn\u00eb nj\u00eb p\u00ebrpar\u00ebse plumbi gjat\u00eb nj\u00eb radiografie. N\u00eb p\u00ebrgjith\u00ebsi, kryerja e nje grafie dentare  \u00ebsht\u00eb procedure e sigurt n\u00eb \u00e7do moment t\u00eb shtatz\u00ebnis\u00eb. N\u00ebse do keni nevoj\u00eb p\u00ebr kryerjen e procedurave dentare gjat\u00eb periudh\u00ebs s\u00eb shtatzanis\u00eb , at\u00ebher\u00eb \u00ebsht\u00eb m\u00eb mir\u00eb q\u00eb t\u00eb procedohet gjat\u00eb tremujorit t\u00eb dyt\u00eb t\u00eb shtatzanis\u00eb. \t\t\t\t\t\t\t<\/div>\n\t\t<\/div>\n\t\t\n\t\t<div class=\"accordion-section\">\n\t\t\t\t\t\t\t<div class=\"accordion-title-wrapper\">\n\t\t\t\t\t<h6 class=\"accordion-title\">\n\t\t\t\t\t\t<span class=\"title-prefix\">10.<\/span>\n\t\t\t\t\t\t<span class=\"title-text\">A jan\u00eb rrezet X-Dentale dixhitale m\u00eb t\u00eb mira se filmi?<\/span>\n\n\t\t\t\t\t\t<span class=\"accordion-icon\"><\/span>\n\t\t\t\t\t<\/h6>\n\t\t\t\t<\/div>\n\t\t\t\n\n\t\t\t<div class=\"accordion-content\">\n\t\t\t\t\t\t\t\t\tPo, radiografia dixhitale e dh\u00ebmb\u00ebve l\u00ebshon vet\u00ebm 10% t\u00eb rrezatimit q\u00eb p\u00ebrdor filmi. \t\t\t\t\t\t\t<\/div>\n\t\t<\/div>\n\t\t\n\t\t<div class=\"accordion-section\">\n\t\t\t\t\t\t\t<div class=\"accordion-title-wrapper\">\n\t\t\t\t\t<h6 class=\"accordion-title\">\n\t\t\t\t\t\t<span class=\"title-prefix\">11.<\/span>\n\t\t\t\t\t\t<span class=\"title-text\">Sa kushtojne?<\/span>\n\n\t\t\t\t\t\t<span class=\"accordion-icon\"><\/span>\n\t\t\t\t\t<\/h6>\n\t\t\t\t<\/div>\n\t\t\t\n\n\t\t\t<div class=\"accordion-content\">\n\t\t\t\t\t\t\t\t\tKliko <a href=\"https:\/\/grafikombinati.com\/sq\/pricing\/\">k\u00ebtu<\/a> k\u00ebtu p\u00ebr t\u00eb par\u00eb List\u00ebn e \u00c7mimeve\t\t\t\t\t\t\t<\/div>\n\t\t<\/div>\n\t\t<\/div>\n<div class=\"tm-spacer\" id=\"tm-spacer-69f894466a524\"><\/div>\n<\/div><\/div><\/div><div id=\"tm-column-69f894466a692\" class=\"wpb_column vc_column_container vc_col-sm-12 vc_col-lg-6\"><div class=\"vc_column-inner\"><div class=\"wpb_wrapper\"><div class=\"tm-spacer\" id=\"tm-spacer-69f894466a81e\"><\/div>\n<div id=\"tm-row-inner-69f894466a97d\" class=\"vc_row vc_inner vc_row-fluid\"><div id=\"tm-column-inner-69f894466acd5\" class=\"wpb_column vc_column_container vc_col-sm-12\"><div class=\"vc_column-inner\"><div class=\"wpb_wrapper\">\n<div class=\"tm-heading  center tm-animation move-up\" id=\"tm-heading-69f894466afe6\">\n\t<h3 class=\"heading\" >B\u00ebni pyetjen tuaj<\/h3><\/div>\n\n<div class=\"tm-spacer\" id=\"tm-spacer-69f894466b2f9\"><\/div>\n\n<div class=\"tm-heading  center tm-animation move-up\" id=\"tm-heading-69f894466b48f\">\n\t<div class=\"heading\" >Dikush nga stafi do j'u p\u00ebrgjigjet sa m\u00eb par\u00eb.<\/div><\/div>\n\n<div class=\"tm-spacer\" id=\"tm-spacer-69f894466b804\"><\/div>\n<div class=\"tm-contact-form-7  style-01 gutter-30 tm-animation move-up\" id=\"tm-blog-69f894466b8a2\">\n\t\n<div class=\"wpcf7 no-js\" id=\"wpcf7-f680-o1\" lang=\"en-US\" dir=\"ltr\" data-wpcf7-id=\"680\">\n<div class=\"screen-reader-response\"><p role=\"status\" aria-live=\"polite\" aria-atomic=\"true\"><\/p> <ul><\/ul><\/div>\n<form action=\"\/sq\/wp-json\/wp\/v2\/pages\/127#wpcf7-f680-o1\" method=\"post\" class=\"wpcf7-form init\" aria-label=\"Contact form\" novalidate=\"novalidate\" data-status=\"init\" data-trp-original-action=\"\/sq\/wp-json\/wp\/v2\/pages\/127#wpcf7-f680-o1\">\n<fieldset class=\"hidden-fields-container\"><input type=\"hidden\" name=\"_wpcf7\" value=\"680\" \/><input type=\"hidden\" name=\"_wpcf7_version\" value=\"6.1.5\" \/><input type=\"hidden\" name=\"_wpcf7_locale\" value=\"en_US\" \/><input type=\"hidden\" name=\"_wpcf7_unit_tag\" value=\"wpcf7-f680-o1\" \/><input type=\"hidden\" name=\"_wpcf7_container_post\" value=\"0\" \/><input type=\"hidden\" name=\"_wpcf7_posted_data_hash\" value=\"\" \/>\n<\/fieldset>\n<div class=\"row\">\n\t<div class=\"col-md-12\">\n\t\t<p><label>Emaili Juaj<\/label><br \/>\n<span class=\"wpcf7-form-control-wrap\" data-name=\"your-email\"><input size=\"40\" maxlength=\"400\" class=\"wpcf7-form-control wpcf7-email wpcf7-validates-as-required wpcf7-text wpcf7-validates-as-email\" aria-required=\"true\" aria-invalid=\"false\" placeholder=\"info@grafikombinati.com\" value=\"\" type=\"email\" name=\"your-email\" \/><\/span>\n\t\t<\/p>\n\t<\/div>\n\t<div class=\"col-md-12\">\n\t\t<p><label>Pyetja Juaj <\/label><br \/>\n<span class=\"wpcf7-form-control-wrap\" data-name=\"your-question\"><textarea cols=\"40\" rows=\"10\" maxlength=\"2000\" class=\"wpcf7-form-control wpcf7-textarea\" aria-invalid=\"false\" placeholder=\"Shkruani pyetjen tuaj\" name=\"your-question\"><\/textarea><\/span>\n\t\t<\/p>\n\t<\/div>\n\t<div class=\"col-md-12\">\n\t\t<p><input class=\"wpcf7-form-control wpcf7-submit has-spinner\" type=\"submit\" value=\"D\u00ebrgo\" \/>\n\t\t<\/p>\n\t<\/div>\n<\/div><div class=\"wpcf7-response-output\" aria-hidden=\"true\"><\/div>\n<input type=\"hidden\" name=\"trp-form-language\" value=\"sq\"\/><\/form>\n<\/div>\n<\/div>\n<\/div><\/div><\/div><\/div><div class=\"tm-spacer\" id=\"tm-spacer-69f894466dbf9\"><\/div>\n<\/div><\/div><\/div><\/div><div class=\"vc_row-full-width vc_clearfix\"><\/div>","protected":false},"excerpt":{"rendered":"Get answers here 01. Why are Dental X-Ray necessary? Dental x-rays are a great diagnostic tool that can help your dentist see any damage or disease that isn\u2019t visible to the naked eye. 02. What kind of X-Ray should I take? Your dentist will prescribe what kind of x-ray you should take, depending to your problem and oral condition. 03. What kind of Dental X-Rays are there ? We can categorize the Dental x-rays in 2 main categories, intra-oral and extra-oral. In the first group a film or digital sensor is used inside the mouth to take an eam of 1 tooth or a small group of teeth. In the second group the sensor or the film (In our center we use only digital sensor) is placed outside the mouth, which allows us to see a wider area and detect dental problems in the jaw and skull. There are several types of extra-oral xrays : -Panoramic x-ray (ketu link per ta lidhur ) -Cephalometric x-ray -3D Scanner 04. What\u2019s the difference between a Panoramix X-Ray and 3D Scanner? A 3D scanner offers a complete 3 dimensional image of your teeth and structures around. A panoramic x-ray is a 2d image. In our x-ray center you will find the only machine in Albania able to provide a full image of the mouth and the TMJ. 05. How often should I take an X-Ray? For a normal healthy adult the ADA (American Dental Association) recommends getting a complete Dental x-ray every 12 months. This depends on the status of your overall Oral Health status. Your dentist may prescribe additional exams. 06. I have an old X-Ray If your x-ray is up to 1 year old, generally you don't have to take another one. Always keep your old x-ray for comparison purposes. It is in your best Health interest to retain and present these x-rays. 07. I\u2019m worried about radiation exposure. Are X-Rays safe? Yes, Dental x-rays is the safest it has ever been, they are already low in radiation. Digital x-ray Technology lowers the radiatian level even further. In our x-ray center you will find the latest and most Advanced German Technology, Sirona Axeos, providing the most qualitative and low dosagge x-ray machine. 08. How can you protect yourself from Dental X-Ray? In our center protective lead aprons and thyroid collars are used to minimize the exposure from unnecessary radiation exposure.But, more than 50 years of research has shown that levels of radiation used in modern x-ray machines are so low that the risk of harm is very small or even zero. Today\u2019s machines emit jsut 10% of the radiation that older Technology did. 09. Is Dental X-Ray safe during pregnancy ? The amount of radiation used a Dental x-ray is very low and according to both the American Dental Association and the American Pregnancy Association, is not enough to cause any harm to a pregnant woman or her baby.You will have to be exposed to a lot of radiation during pregnancy in order for it to harm a developing baby. The amount of radiation that one is exposed to during a standard dental x-ray is .02mSV radiation. You will have to be exposed to at least 2,500 times that amount in order for you or your baby to be harmed by it. It is also importnant to note that the small amount of radiation that you are exposed to will only be in your mouth. The baby will not be exposed to it. You will need to let your dentist know if you are pregnant. Everyone should wear a lead apron during an x-ray. In general, it is safe for you to get a Dental x-ray at any Point during your pregnancy. However, if you need Dental work done, then it is best for you to get the work done during the second trimester. 10. Are digital Dental X-Ray better than film? Yes, digital Dental x-ray emit only 10% of the radiation that film used. 11. How much do they cost? Click here here to see the Price List Ask your question We\u2019d love to keep in contact with you. Your e-mail Your Question","protected":false},"author":1,"featured_media":0,"parent":0,"menu_order":0,"comment_status":"closed","ping_status":"closed","template":"","meta":{"footnotes":""},"class_list":["post-127","page","type-page","status-publish","hentry"],"_links":{"self":[{"href":"https:\/\/grafikombinati.com\/sq\/wp-json\/wp\/v2\/pages\/127","targetHints":{"allow":["GET"]}}],"collection":[{"href":"https:\/\/grafikombinati.com\/sq\/wp-json\/wp\/v2\/pages"}],"about":[{"href":"https:\/\/grafikombinati.com\/sq\/wp-json\/wp\/v2\/types\/page"}],"author":[{"embeddable":true,"href":"https:\/\/grafikombinati.com\/sq\/wp-json\/wp\/v2\/users\/1"}],"replies":[{"embeddable":true,"href":"https:\/\/grafikombinati.com\/sq\/wp-json\/wp\/v2\/comments?post=127"}],"version-history":[{"count":6,"href":"https:\/\/grafikombinati.com\/sq\/wp-json\/wp\/v2\/pages\/127\/revisions"}],"predecessor-version":[{"id":2866,"href":"https:\/\/grafikombinati.com\/sq\/wp-json\/wp\/v2\/pages\/127\/revisions\/2866"}],"wp:attachment":[{"href":"https:\/\/grafikombinati.com\/sq\/wp-json\/wp\/v2\/media?parent=127"}],"curies":[{"name":"wp","href":"https:\/\/api.w.org\/{rel}","templated":true}]}}