{"id":2764,"date":"2022-10-11T09:43:38","date_gmt":"2022-10-11T09:43:38","guid":{"rendered":"https:\/\/grafikombinati.com\/?page_id=2764"},"modified":"2022-10-11T10:10:01","modified_gmt":"2022-10-11T10:10:01","slug":"heliodent-plus","status":"publish","type":"page","link":"https:\/\/grafikombinati.com\/sq\/heliodent-plus\/","title":{"rendered":"Heliodent Plus"},"content":{"rendered":"<div id=\"tm-row-69f894e77d218\" class=\"vc_row vc_row-outer vc_row-fluid\"><div id=\"tm-column-69f894e77d827\" class=\"wpb_column vc_column_container vc_col-sm-12\"><div class=\"vc_column-inner\"><div class=\"wpb_wrapper\"><div class=\"tm-spacer\" id=\"tm-spacer-69f894e77daf2\"><\/div>\n\n<div class=\"tm-heading  center tm-animation move-up\" id=\"tm-heading-69f894e77dd13\">\n\t<h3 class=\"heading\" >PARTNERI I DUHUR P\u00cbR DIAGNOSTIK\u00cbN TUAJ INTRAORALE<\/h3><\/div>\n\n<div class=\"tm-spacer\" id=\"tm-spacer-69f894e77e11b\"><\/div>\n\n<div class=\"tm-heading  center tm-animation move-up\" id=\"tm-heading-69f894e77e2ae\">\n\t<div class=\"heading\" >Aparatura e rrezeve X intraorale \u00ebsht\u00eb gurthemeli i pun\u00ebs s\u00eb p\u00ebrditshme diagnostikuese. Nj\u00ebsia intraorale e rrezeve X Heliodent Plus nga Dentsply Sirona ndihmon n\u00eb ngritjen e kujdesit tuaj intraoral dhe lejon funksionalitetin optimal n\u00eb \u00e7do praktik\u00eb. Modulariteti i opsioneve t\u00eb tij t\u00eb instalimit dhe cil\u00ebsia e imazhit t\u00eb tij tejkalojn\u00eb \u00e7do pritshm\u00ebri.<\/p>\n<p>Heliodent Plus ofron nj\u00eb gam\u00eb t\u00eb gjer\u00eb opsionesh p\u00ebr t'iu p\u00ebrshtatur nevojave tuaja klinike. Krahu mb\u00ebshtet\u00ebs \u00ebsht\u00eb i disponuesh\u00ebm n\u00eb dy modele (t\u00eb rrumbullak\u00ebta ose katrore) dhe me tre gjat\u00ebsi (41cm\/16.2\"; 70cm\/27.5\"; 95cm\/37.4\"). Vet\u00eb nj\u00ebsia mund t\u00eb instalohet n\u00eb kat\u00ebr m\u00ebnyra t\u00eb ndryshme: montuar n\u00eb mur, n\u00eb ose n\u00eb nj\u00eb karroc\u00eb t\u00eb l\u00ebvizshme.<\/div><\/div>\n\n<\/div><\/div><\/div><\/div><div id=\"tm-row-69f894e77e827\" class=\"vc_row vc_row-outer vc_row-fluid\"><div id=\"tm-column-69f894e77ebfd\" class=\"wpb_column vc_column_container vc_col-sm-12\"><div class=\"vc_column-inner\"><div class=\"wpb_wrapper\"><div class=\"tm-spacer\" id=\"tm-spacer-69f894e77ee8a\"><\/div>\n\n<div class=\"tm-heading  center tm-animation move-up\" id=\"tm-heading-69f894e77f01e\">\n\t<h3 class=\"heading\" >PSE T\u00cb ZGJEDHNI HELIODENT PLUS?<\/h3><\/div>\n\n<div class=\"tm-spacer\" id=\"tm-spacer-69f894e77f3fa\"><\/div>\n<div class=\"tm-accordion  style-3 color-dark tm-animation move-up\" id=\"tm-accordion-69f894e77f4f0\"\n\t>\n\t\n\t\t<div class=\"accordion-section\">\n\t\t\t\t\t\t\t<div class=\"accordion-title-wrapper\">\n\t\t\t\t\t<h6 class=\"accordion-title\">\n\t\t\t\t\t\t\n\t\t\t\t\t\t<span class=\"title-text\"> Dizajn i zgjuar p\u00ebr pozicionim t\u00eb q\u00ebndruesh\u00ebm dhe imazhe t\u00eb q\u00ebndrueshme<\/span>\n\n\t\t\t\t\t\t<span class=\"accordion-icon\"><\/span>\n\t\t\t\t\t<\/h6>\n\t\t\t\t<\/div>\n\t\t\t\n\n\t\t\t<div class=\"accordion-content\">\n\t\t\t\t\t\t\t\t\tHeliodent Plus ofron nj\u00eb pik\u00eb qendrore 0,4 mm dhe komponent\u00eb pa dridhje p\u00ebr t\u00eb mb\u00ebshtetur n\u00eb m\u00ebnyr\u00eb ideale rrjedh\u00ebn tuaj t\u00eb pun\u00ebs\t\t\t\t\t\t\t<\/div>\n\t\t<\/div>\n\t\t\n\t\t<div class=\"accordion-section\">\n\t\t\t\t\t\t\t<div class=\"accordion-title-wrapper\">\n\t\t\t\t\t<h6 class=\"accordion-title\">\n\t\t\t\t\t\t\n\t\t\t\t\t\t<span class=\"title-text\"> Funksionaliteti n\u00eb distance<\/span>\n\n\t\t\t\t\t\t<span class=\"accordion-icon\"><\/span>\n\t\t\t\t\t<\/h6>\n\t\t\t\t<\/div>\n\t\t\t\n\n\t\t\t<div class=\"accordion-content\">\n\t\t\t\t\t\t\t\t\tP\u00ebrdorni Heliodent Plus jasht\u00eb dhom\u00ebs me rreze X n\u00ebp\u00ebrmjet nj\u00eb telekomande, koh\u00ebmat\u00ebs n\u00eb telekomand\u00eb ose n\u00ebp\u00ebrmjet nj\u00eb l\u00ebshimi manual.\t\t\t\t\t\t\t<\/div>\n\t\t<\/div>\n\t\t\n\t\t<div class=\"accordion-section\">\n\t\t\t\t\t\t\t<div class=\"accordion-title-wrapper\">\n\t\t\t\t\t<h6 class=\"accordion-title\">\n\t\t\t\t\t\t\n\t\t\t\t\t\t<span class=\"title-text\">E fort\u00eb dhe e q\u00ebndrueshme<\/span>\n\n\t\t\t\t\t\t<span class=\"accordion-icon\"><\/span>\n\t\t\t\t\t<\/h6>\n\t\t\t\t<\/div>\n\t\t\t\n\n\t\t\t<div class=\"accordion-content\">\n\t\t\t\t\t\t\t\t\tDizajni i fort\u00eb i produktit siguron q\u00ebndrueshm\u00ebri, jet\u00ebgjat\u00ebsi dhe siguri investimi.\t\t\t\t\t\t\t<\/div>\n\t\t<\/div>\n\t\t\n\t\t<div class=\"accordion-section\">\n\t\t\t\t\t\t\t<div class=\"accordion-title-wrapper\">\n\t\t\t\t\t<h6 class=\"accordion-title\">\n\t\t\t\t\t\t\n\t\t\t\t\t\t<span class=\"title-text\">Funksionim i sigurt dhe intuitiv<\/span>\n\n\t\t\t\t\t\t<span class=\"accordion-icon\"><\/span>\n\t\t\t\t\t<\/h6>\n\t\t\t\t<\/div>\n\t\t\t\n\n\t\t\t<div class=\"accordion-content\">\n\t\t\t\t\t\t\t\t\tOpsionet e qarta t\u00eb p\u00ebrdoruesit dhe konfigurimet e shumta t\u00eb instalimit mb\u00ebshtesin nevojat unike t\u00eb praktik\u00ebs suaj dhe leht\u00ebsojn\u00eb nj\u00eb rrjedh\u00eb pune fleksib\u00ebl. Siguria e pacientit vihet n\u00eb plan t\u00eb par\u00eb me nj\u00eb mat\u00ebs rrezatimi p\u00ebr t\u00eb ndihmuar q\u00eb t\u00eb sigurohet q\u00eb nuk ka as n\u00ebnekspozim ose mbiekspozim t\u00eb pacientit tuaj dhe rrezeve X t\u00eb tij.\t\t\t\t\t\t\t<\/div>\n\t\t<\/div>\n\t\t<\/div>\n<div class=\"tm-spacer\" id=\"tm-spacer-69f894e77f648\"><\/div>\n<\/div><\/div><\/div><\/div><div id=\"tm-row-69f894e77f8c5\" class=\"vc_row vc_row-outer vc_row-fluid\"><div id=\"tm-column-69f894e77fcb6\" class=\"wpb_column vc_column_container vc_col-sm-6\"><div class=\"vc_column-inner\"><div class=\"wpb_wrapper\"><div class=\"tm-image  tm-animation move-up\" id=\"tm-image-69f894e77ffa1\">\n\t\t\t<div class=\"image\"><img decoding=\"async\" src=\"https:\/\/grafikombinati.com\/wp-content\/uploads\/2022\/10\/m4704107-1839-161104-sirona.jpeg\" alt=\"m4704107-1839-161104-sirona\" \/><\/div>\t\t<\/div>\n<\/div><\/div><\/div><div id=\"tm-column-69f894e780c0b\" class=\"wpb_column vc_column_container vc_col-sm-6\"><div class=\"vc_column-inner\"><div class=\"wpb_wrapper\">\n\t<div class=\"wpb_text_column wpb_content_element\" >\n\t\t<div class=\"wpb_wrapper\">\n\t\t\t<div class=\"product_highlight_item_subtitle\">\n<div class=\"title title_inherit title_400\">\n<div class=\"subtitle title title_blue\">\n<div id=\"title-9d1534e93d\" class=\"cmp-title\" data-cmp-data-layer=\"{&quot;title-9d1534e93d&quot;:{&quot;@type&quot;:&quot;ds-ecom-webapp-dt\/components\/title&quot;,&quot;repo:modifyDate&quot;:&quot;2022-08-17T22:27:50Z&quot;,&quot;dc:title&quot;:&quot;Optimized to support your patient positioning workflows&quot;}}\">\n<h5 class=\"cmp-title__text\">Optimizuar p\u00ebr t\u00eb mb\u00ebshtetur flukset e pun\u00ebs p\u00ebr pozicionimin e pacientit<\/h5>\n<\/div>\n<\/div>\n<\/div>\n<\/div>\n<div class=\"product_highlight_item_caption\">\n<div class=\"text text_body1 text_link_Learn More\">\n<div class=\"text text_body1\">\n<div id=\"text-9e9aeb38f1\" class=\"cmp-text\" data-cmp-data-layer=\"{&quot;text-9e9aeb38f1&quot;:{&quot;@type&quot;:&quot;ds-ecom-webapp\/components\/text&quot;,&quot;repo:modifyDate&quot;:&quot;2022-08-17T22:27:50Z&quot;,&quot;xdm:text&quot;:&quot;&lt;p&gt;With several different configuration options from the various arm length, tube heads, operation options, and broad range of installation options to select from, your patient positioning, whether it be with sensors, phosphor plates, or film, has never been more uncomplicated. You can work your way without added challenges from your X-ray generator. The Heliodent Plus is the epitome of flexibility and user-friendly.&lt;\/p&gt;\\r\\n&quot;}}\">\n<p>Me disa opsione t\u00eb ndryshme konfigurimi nga gjat\u00ebsit\u00eb e ndryshme t\u00eb krah\u00ebve, kokat e tubit, opsionet e funksionimit dhe gam\u00ebn e gjer\u00eb t\u00eb opsioneve t\u00eb instalimit p\u00ebr t\u00eb zgjedhur, pozicionimi i pacientit tuaj, qoft\u00eb me sensor\u00eb, pllaka fosfori ose film, nuk ka qen\u00eb kurr\u00eb m\u00eb ithjesht\u00eb. Ju mund t\u00eb punoni n\u00eb m\u00ebnyr\u00ebn tuaj pa sfida t\u00eb shtuara nga gjeneratori juaj i rrezeve X. Heliodent Plus \u00ebsht\u00eb mish\u00ebrimi i fleksibilitetit dhe i p\u00ebrshtatsh\u00ebm p\u00ebr p\u00ebrdoruesit.<\/p>\n<\/div>\n<\/div>\n<\/div>\n<\/div>\n\n\t\t<\/div>\n\t<\/div>\n<\/div><\/div><\/div><\/div>","protected":false},"excerpt":{"rendered":"The right partner for your intraoral diagnostics Your intraoral X-ray unit is the cornerstone of your daily diagnostic work. The Heliodent Plus intraoral X-ray unit from Dentsply Sirona truly helps to elevate your intraoral care and allows for optimum functionality in every practice. The modularity of its installation options and its image quality surpass every expectation. The Heliodent Plus offers a wide range of options to adapt to your clinical needs, room constraints, and budget. The Support arm is available in two designs (round or square) and three lengths (41cm\/16.2 \"; 70cm\/27.5 \"; 95cm\/37.4\"). The unit itself can be installed in four different ways: wall-mounted, ceiling-suspended, and embedded on a Dentsply Sirona treatment center or a mobile cart. Why Choose Heliodent Plus? Smart Design for Stable Positioning and Consistent Imaging Heliodent Plus offers a 0.4 mm focal spot and vibration-free components to ideally support your workflow Remote Functionality Operate the Heliodent Plus outside of the X-ray room via a remote control, remote timer, or through a manual release. Robust and Durable The robust product design ensures durability, longevity, and security of investment. Safe and Intuitive Operation Clear user options and numerous installation configurations support the unique needs of your practice and facilitate a flexible workflow. Patient safety is put in the forefront with a radiation meter to help ensure that there is neither underexposure or overexposure of your patient and their X-ray. Optimized to support your patient positioning workflows With several different configuration options from the various arm length, tube heads, operation options, and broad range of installation options to select from, your patient positioning, whether it be with sensors, phosphor plates, or film, has never been more uncomplicated. You can work your way without added challenges from your X-ray generator. The Heliodent Plus is the epitome of flexibility and user-friendly.","protected":false},"author":1,"featured_media":0,"parent":0,"menu_order":0,"comment_status":"closed","ping_status":"closed","template":"","meta":{"footnotes":""},"class_list":["post-2764","page","type-page","status-publish","hentry"],"_links":{"self":[{"href":"https:\/\/grafikombinati.com\/sq\/wp-json\/wp\/v2\/pages\/2764","targetHints":{"allow":["GET"]}}],"collection":[{"href":"https:\/\/grafikombinati.com\/sq\/wp-json\/wp\/v2\/pages"}],"about":[{"href":"https:\/\/grafikombinati.com\/sq\/wp-json\/wp\/v2\/types\/page"}],"author":[{"embeddable":true,"href":"https:\/\/grafikombinati.com\/sq\/wp-json\/wp\/v2\/users\/1"}],"replies":[{"embeddable":true,"href":"https:\/\/grafikombinati.com\/sq\/wp-json\/wp\/v2\/comments?post=2764"}],"version-history":[{"count":5,"href":"https:\/\/grafikombinati.com\/sq\/wp-json\/wp\/v2\/pages\/2764\/revisions"}],"predecessor-version":[{"id":2772,"href":"https:\/\/grafikombinati.com\/sq\/wp-json\/wp\/v2\/pages\/2764\/revisions\/2772"}],"wp:attachment":[{"href":"https:\/\/grafikombinati.com\/sq\/wp-json\/wp\/v2\/media?parent=2764"}],"curies":[{"name":"wp","href":"https:\/\/api.w.org\/{rel}","templated":true}]}}